{"id":1020,"date":"2021-12-16T17:50:17","date_gmt":"2021-12-16T17:50:17","guid":{"rendered":"https:\/\/www.coopsalate.fin.ec\/?page_id=1020"},"modified":"2022-07-27T15:14:29","modified_gmt":"2022-07-27T15:14:29","slug":"simulador-de-credito-2","status":"publish","type":"page","link":"https:\/\/www.coopsalate.fin.ec\/?page_id=1020","title":{"rendered":"SIMULADOR DE CR\u00c9DITO"},"content":{"rendered":"\t\t<div data-elementor-type=\"wp-page\" data-elementor-id=\"1020\" class=\"elementor elementor-1020\">\n\t\t\t\t\t\t\t\t\t<section class=\"elementor-section elementor-top-section elementor-element elementor-element-23f0290 elementor-section-full_width elementor-section-height-min-height elementor-section-stretched elementor-section-height-default elementor-section-items-middle\" data-id=\"23f0290\" data-element_type=\"section\" data-settings=\"{&quot;stretch_section&quot;:&quot;section-stretched&quot;,&quot;background_background&quot;:&quot;classic&quot;}\">\n\t\t\t\t\t\t\t<div class=\"elementor-background-overlay\"><\/div>\n\t\t\t\t\t\t\t<div class=\"elementor-container elementor-column-gap-no\">\n\t\t\t\t\t<div class=\"elementor-column elementor-col-50 elementor-top-column elementor-element elementor-element-7136dd1\" data-id=\"7136dd1\" data-element_type=\"column\">\n\t\t\t<div class=\"elementor-widget-wrap elementor-element-populated\">\n\t\t\t\t\t\t\t\t<div class=\"elementor-element elementor-element-6347ee6 elementor-widget elementor-widget-heading\" data-id=\"6347ee6\" data-element_type=\"widget\" data-widget_type=\"heading.default\">\n\t\t\t\t<div class=\"elementor-widget-container\">\n\t\t\t<style>\/*! elementor - v3.7.8 - 02-10-2022 *\/\n.elementor-heading-title{padding:0;margin:0;line-height:1}.elementor-widget-heading .elementor-heading-title[class*=elementor-size-]>a{color:inherit;font-size:inherit;line-height:inherit}.elementor-widget-heading .elementor-heading-title.elementor-size-small{font-size:15px}.elementor-widget-heading .elementor-heading-title.elementor-size-medium{font-size:19px}.elementor-widget-heading .elementor-heading-title.elementor-size-large{font-size:29px}.elementor-widget-heading .elementor-heading-title.elementor-size-xl{font-size:39px}.elementor-widget-heading .elementor-heading-title.elementor-size-xxl{font-size:59px}<\/style><h1 class=\"elementor-heading-title elementor-size-xl\">TRANSFERENCIA FINANCIERA<\/h1>\t\t<\/div>\n\t\t\t\t<\/div>\n\t\t\t\t\t<\/div>\n\t\t<\/div>\n\t\t\t\t<div class=\"elementor-column elementor-col-50 elementor-top-column elementor-element elementor-element-6644e6e\" data-id=\"6644e6e\" data-element_type=\"column\">\n\t\t\t<div class=\"elementor-widget-wrap elementor-element-populated\">\n\t\t\t\t\t\t\t\t<div class=\"elementor-element elementor-element-d4e8fda elementor-button-warning elementor-align-left elementor-mobile-align-center elementor-widget elementor-widget-button\" data-id=\"d4e8fda\" data-element_type=\"widget\" data-widget_type=\"button.default\">\n\t\t\t\t<div class=\"elementor-widget-container\">\n\t\t\t\t\t<div class=\"elementor-button-wrapper\">\n\t\t\t<a href=\"https:\/\/www.coopsalate.fin.ec\/?page_id=300\" class=\"elementor-button-link elementor-button elementor-size-lg\" role=\"button\">\n\t\t\t\t\t\t<span class=\"elementor-button-content-wrapper\">\n\t\t\t\t\t\t<span class=\"elementor-button-text\">Banca en L\u00ednea<\/span>\n\t\t<\/span>\n\t\t\t\t\t<\/a>\n\t\t<\/div>\n\t\t\t\t<\/div>\n\t\t\t\t<\/div>\n\t\t\t\t\t<\/div>\n\t\t<\/div>\n\t\t\t\t\t\t\t<\/div>\n\t\t<\/section>\n\t\t\t\t<section class=\"elementor-section elementor-top-section elementor-element elementor-element-ca68594 elementor-section-boxed elementor-section-height-default elementor-section-height-default\" data-id=\"ca68594\" data-element_type=\"section\">\n\t\t\t\t\t\t\t<div class=\"elementor-background-overlay\"><\/div>\n\t\t\t\t\t\t\t<div class=\"elementor-container elementor-column-gap-default\">\n\t\t\t\t\t<div class=\"elementor-column elementor-col-100 elementor-top-column elementor-element elementor-element-6c2c72d\" data-id=\"6c2c72d\" data-element_type=\"column\">\n\t\t\t<div class=\"elementor-widget-wrap elementor-element-populated\">\n\t\t\t\t\t\t\t\t<div class=\"elementor-element elementor-element-ef60669 elementor-widget elementor-widget-html\" data-id=\"ef60669\" data-element_type=\"widget\" data-widget_type=\"html.default\">\n\t\t\t\t<div class=\"elementor-widget-container\">\n\t\t\t<!DOCTYPE html>\r\n<html lang=\"es\">\r\n\r\n<head>\r\n    <meta charset=\"UTF-8\">\r\n    <meta name=\"viewport\" content=\"width=device-width, initial-scale=1.0\">\r\n    <meta http-equiv=\"X-UA-Compatible\" content=\"ie=edge\">\r\n    <title>M\u00e9todo amortizaci\u00f3n franc\u00e9s<\/title>\r\n\r\n<\/head>\r\n\r\n<!-- llamada a bootstrap -->\r\n<link rel=\"stylesheet\" href=\"https:\/\/stackpath.bootstrapcdn.com\/bootstrap\/4.3.1\/css\/bootstrap.min.css\"\r\n    integrity=\"sha384-ggOyR0iXCbMQv3Xipma34MD+dH\/1fQ784\/j6cY\/iJTQUOhcWr7x9JvoRxT2MZw1T\" crossorigin=\"anonymous\">\r\n\r\n<body>\r\n    <div class=\"container\">\r\n        <div class=\"row mt-3\">\r\n            <div class=\"col-xs-5 col-sm-5 col-md-5 col-lg-5\">\r\n\r\n                <div class=\"card border-primary mb-3\" style=\"max-width: 40rem;\">\r\n                  <div class=\"card-header text-center\"><h4 class=\"text-primary\">Simulador de Cr\u00e9dito<\/h4><\/div>\r\n                  <div class=\"card-body text-primary\">\r\n                    <p class=\"card-text\">\r\n                        <div class=\"form-group\">\r\n                            <label for=\"producto\">Producto<\/label>\r\n                            <select id=\"producto\" name=\"producto\" class=\"form-control\">\r\n                            <option><\/option>\r\n                            <option value=\"21.60\">MICROCR\u00c9DITO EMERGENTE<\/option>\r\n                            <option value=\"15.60\">MICROCR\u00c9DITO PRODUCTIVO<\/option>\r\n                            <option value=\"16.20\">CR\u00c9DITO EMERGENTE<\/option>\r\n                            <option value=\"15.60\">CR\u00c9DITO ORDINARIO<\/option>\r\n                        <\/select>\r\n                        <\/div>\r\n                        <div class=\"form-group\">\r\n                            <label for=\"monto\">Monto del Cr\u00e9dito ($)<\/label>\r\n                            <input type=\"number\" class=\"form-control\" id=\"monto\" value=\"100\" min=\"100\" max=\"20000\" placeholder=\"Por favor, escriba un n\u00famero entre 100 y 20000.\">\r\n                        <\/div>\r\n                        <div class=\"form-group\">\r\n                            <label for=\"plazo\">Plazo (meses)<\/label>\r\n                            <input type=\"number\" class=\"form-control\" id=\"plazo\" value=\"12\" min=\"6\" max=\"48\" placeholder=\"Por favor, escriba un n\u00famero entre 6 y 48.\">\r\n                        <\/div>\r\n                        <button type=\"submit\" class=\"btn btn-primary btn-sm btn-block\" id=\"btnCalcular\">Calcular<\/button>\r\n                        <br>\r\n                        <button type=\"submit\" class=\"btn btn-secondary btn-sm btn-block\" id=\"btnDescargarPDF\"  onclick=\"printPage()\">Imprimir<\/button>\r\n                    <\/p>\r\n                  <\/div>\r\n                <\/div> \r\n\r\n                 <script type=\"text\/javascript\" language=\"javascript1.2\">\r\n                    <!--\r\n                    function printPage()\r\n                    {\r\n                        \r\n                        document.getElementById('btnDescargarPDF').style.visibility = 'hidden';\r\n                        \/\/ Do print the page\r\n                        if (typeof(window.print) != 'undefined') {\r\n                            window.print();\r\n                        }\r\n                        document.getElementById('btnDescargarPDF').style.visibility = '';\r\n                    }\r\n                    \/\/-->\r\n                <\/script>\r\n            <\/div>\r\n\r\n\r\n            <div class=\"col-xs-7 col-sm-7 col-md-7 col-lg-7\">\r\n                <h2>Tabla de Amortizaci\u00f3n<\/h2>\r\n                <table id=\"lista-tabla\" class=\"table\">\r\n                    <thead>\r\n                        <tr>\r\n                            <th>Fecha<\/th>\r\n                            <th>Cuota<\/th>\r\n                            <th>Capital<\/th>\r\n                            <th>Inter\u00e9s<\/th>\r\n                            <th>Saldo<\/th>\r\n                        <\/tr>\r\n                    <\/thead>\r\n                    <tbody><\/tbody>\r\n                <\/table>\r\n            <\/div>\r\n        <\/div>\r\n\r\n    <\/div>\r\n\r\n<script type=\"text\/javascript\" language=\"javascript1.2\">\r\n    \r\nconst monto = document.getElementById('monto');\r\nconst plazo = document.getElementById('plazo');\r\nconst interesAnual = document.getElementById('producto');\r\nconst btnCalcular = document.getElementById('btnCalcular');\r\nconst llenarTabla = document.querySelector('#lista-tabla tbody');\r\nconst amortizacion = [];\r\n\r\nbtnCalcular.addEventListener('click', () => {\r\n    const interes = parseFloat(interesAnual.value) \/ parseFloat(plazo.value);\r\n    calcularCuota(monto.value, interes, plazo.value);\r\n})\r\n\r\nfunction calcularCuota(monto, interes, plazo) {\r\n\r\n    while (llenarTabla.firstChild) {\r\n        llenarTabla.removeChild(llenarTabla.firstChild);\r\n    }\r\n\r\n    let fechas = [];\r\n    let date = new Date();\r\n\r\n    let day = date.getDate();\r\n    let month = date.getMonth(date.setMonth(date.getMonth() + 2));\r\n    let year = date.getFullYear();\r\n\r\n\r\n    let pagoInteres = 0, pagoCapital = 0, cuota = 0;\r\n\r\n    cuota = monto * (Math.pow(1 + interes \/ 100, plazo) * interes \/ 100) \/ (Math.pow(1 + interes \/ 100, plazo) - 1);\r\n\r\n    for (let i = 1; i <= plazo; i++) {\r\n\r\n        pagoInteres = parseFloat(monto * (interes \/ 100));\r\n        pagoCapital = cuota - pagoInteres;\r\n        monto = parseFloat(monto - pagoCapital);\r\n\r\n        \/\/Formato fechas\r\n        if (month < 10 && month >= 1) {\r\n            fechas[i] = `${day}-0${month}-${year}`;\r\n        } else {\r\n            if (month == 0) {\r\n                fechas[i] = `${day}-${12}-${year - 1}`;\r\n            } else {\r\n                fechas[i] = `${day}-${month}-${year}`;\r\n            }\r\n        }\r\n        date.setMonth(date.getMonth() + 1);\r\n        day = date.getDate();\r\n        month = date.getMonth();\r\n        year = date.getFullYear();\r\n        \r\n        const row = document.createElement('tr');\r\n            row.innerHTML = `\r\n            <td>${fechas[i]}<\/td>\r\n            <td>${cuota.toFixed(2)}<\/td>\r\n            <td>${pagoCapital.toFixed(2)}<\/td>\r\n            <td>${pagoInteres.toFixed(2)}<\/td>\r\n            <td>${monto.toFixed(2)}<\/td>\r\n        `;\r\n            llenarTabla.appendChild(row)\r\n    }\r\n}\r\n\r\n\r\n<\/script>\r\n\r\n\r\n    <!-- llamada a bootstrap -->\r\n\r\n    <script src=\"https:\/\/code.jquery.com\/jquery-3.3.1.slim.min.js\"\r\n        integrity=\"sha384-q8i\/X+965DzO0rT7abK41JStQIAqVgRVzpbzo5smXKp4YfRvH+8abtTE1Pi6jizo\"\r\n        crossorigin=\"anonymous\"><\/script>\r\n    <script src=\"https:\/\/cdnjs.cloudflare.com\/ajax\/libs\/popper.js\/1.14.7\/umd\/popper.min.js\"\r\n        integrity=\"sha384-UO2eT0CpHqdSJQ6hJty5KVphtPhzWj9WO1clHTMGa3JDZwrnQq4sF86dIHNDz0W1\"\r\n        crossorigin=\"anonymous\"><\/script>\r\n    <script src=\"https:\/\/stackpath.bootstrapcdn.com\/bootstrap\/4.3.1\/js\/bootstrap.min.js\"\r\n        integrity=\"sha384-JjSmVgyd0p3pXB1rRibZUAYoIIy6OrQ6VrjIEaFf\/nJGzIxFDsf4x0xIM+B07jRM\"\r\n        crossorigin=\"anonymous\"><\/script>\r\n\r\n<\/body>\r\n\r\n<\/html>\t\t<\/div>\n\t\t\t\t<\/div>\n\t\t\t\t\t<\/div>\n\t\t<\/div>\n\t\t\t\t\t\t\t<\/div>\n\t\t<\/section>\n\t\t\t\t\t\t\t<\/div>\n\t\t","protected":false},"excerpt":{"rendered":"<p>TRANSFERENCIA FINANCIERA Banca en L\u00ednea M\u00e9todo amortizaci\u00f3n franc\u00e9s Simulador de Cr\u00e9dito Producto MICROCR\u00c9DITO EMERGENTEMICROCR\u00c9DITO PRODUCTIVOCR\u00c9DITO EMERGENTECR\u00c9DITO ORDINARIO Monto del Cr\u00e9dito ($) Plazo (meses) Calcular Imprimir Tabla de Amortizaci\u00f3n Fecha Cuota Capital Inter\u00e9s Saldo<\/p>\n","protected":false},"author":1,"featured_media":0,"parent":0,"menu_order":0,"comment_status":"closed","ping_status":"closed","template":"elementor_header_footer","meta":{"site-sidebar-layout":"no-sidebar","site-content-layout":"page-builder","ast-main-header-display":"","ast-hfb-above-header-display":"","ast-hfb-below-header-display":"","ast-hfb-mobile-header-display":"","site-post-title":"disabled","ast-breadcrumbs-content":"","ast-featured-img":"disabled","footer-sml-layout":"","theme-transparent-header-meta":"","adv-header-id-meta":"","stick-header-meta":"","header-above-stick-meta":"","header-main-stick-meta":"","header-below-stick-meta":""},"_links":{"self":[{"href":"https:\/\/www.coopsalate.fin.ec\/index.php?rest_route=\/wp\/v2\/pages\/1020"}],"collection":[{"href":"https:\/\/www.coopsalate.fin.ec\/index.php?rest_route=\/wp\/v2\/pages"}],"about":[{"href":"https:\/\/www.coopsalate.fin.ec\/index.php?rest_route=\/wp\/v2\/types\/page"}],"author":[{"embeddable":true,"href":"https:\/\/www.coopsalate.fin.ec\/index.php?rest_route=\/wp\/v2\/users\/1"}],"replies":[{"embeddable":true,"href":"https:\/\/www.coopsalate.fin.ec\/index.php?rest_route=%2Fwp%2Fv2%2Fcomments&post=1020"}],"version-history":[{"count":31,"href":"https:\/\/www.coopsalate.fin.ec\/index.php?rest_route=\/wp\/v2\/pages\/1020\/revisions"}],"predecessor-version":[{"id":1419,"href":"https:\/\/www.coopsalate.fin.ec\/index.php?rest_route=\/wp\/v2\/pages\/1020\/revisions\/1419"}],"wp:attachment":[{"href":"https:\/\/www.coopsalate.fin.ec\/index.php?rest_route=%2Fwp%2Fv2%2Fmedia&parent=1020"}],"curies":[{"name":"wp","href":"https:\/\/api.w.org\/{rel}","templated":true}]}}